{"id":1336,"date":"2015-12-28T10:04:25","date_gmt":"2015-12-28T12:04:25","guid":{"rendered":"http:\/\/motors.stylemixthemes.com\/demo\/?page_id=1336"},"modified":"2018-08-30T08:55:39","modified_gmt":"2018-08-30T11:55:39","slug":"vender","status":"publish","type":"page","link":"https:\/\/www.comatral.com\/?page_id=1336","title":{"rendered":"Vender"},"content":{"rendered":"<div class=\"wpb-content-wrapper\"><p>[vc_row css=&#8221;.vc_custom_1451023875067{margin-top: 58px !important;margin-bottom: 55px !important;}&#8221;][vc_column width=&#8221;1\/4&#8243; css=&#8221;.vc_custom_1450948810755{margin-bottom: 30px !important;}&#8221;][vc_custom_heading text=&#8221;PRECISANDO VENDER?&#8221; font_container=&#8221;tag:h2|text_align:left|line_height:35px&#8221; use_theme_fonts=&#8221;yes&#8221; css=&#8221;.vc_custom_1535630077898{margin-top: 7px !important;margin-bottom: 27px !important;}&#8221;][stm_color_separator align=&#8221;text-left&#8221; title_holder=&#8221;&#8221; css=&#8221;.vc_custom_1450949033819{margin-bottom: 36px !important;}&#8221;][vc_column_text]<span style=\"color: #888888; font-size: 13px; line-height: 24px;\"><br \/>\nInteressado em negociar em seu ve\u00edculo atual? Provavelmente seria bom ter uma estimativa do que vale primeiro. Afinal, negociar em um ve\u00edculo \u00e9 muito menos inc\u00f3modo do que vend\u00ea-lo sozinho. E muitas vezes voc\u00ea pode diminuir seus pagamentos, negociando em um ve\u00edculo tamb\u00e9m. Vantajoso para as duas partes!<\/span><\/p>\n<p><span style=\"color: #888888; font-size: 13px; line-height: 24px;\">Estamos aqui para ajud\u00e1-lo a tomar uma decis\u00e3o informada. Preencha o formul\u00e1rio abaixo e enviaremos uma estimativa estimada dentro de 48 horas. De l\u00e1, cabe a voc\u00ea o que voc\u00ea quer fazer!<\/span>[\/vc_column_text][\/vc_column][vc_column width=&#8221;3\/4&#8243;][stm_sell_a_car][\/vc_column][\/vc_row]<\/p>\n<\/div>","protected":false},"excerpt":{"rendered":"<p>[vc_row css=&#8221;.vc_custom_1451023875067{margin-top: 58px !important;margin-bottom: 55px !important;}&#8221;][vc_column width=&#8221;1\/4&#8243; css=&#8221;.vc_custom_1450948810755{margin-bottom: 30px !important;}&#8221;][vc_custom_heading text=&#8221;PRECISANDO VENDER?&#8221; font_container=&#8221;tag:h2|text_align:left|line_height:35px&#8221; use_theme_fonts=&#8221;yes&#8221; css=&#8221;.vc_custom_1535630077898{margin-top: 7px !important;margin-bottom: 27px !important;}&#8221;][stm_color_separator align=&#8221;text-left&#8221; title_holder=&#8221;&#8221; css=&#8221;.vc_custom_1450949033819{margin-bottom: 36px !important;}&#8221;][vc_column_text] Interessado em negociar em seu ve\u00edculo atual? Provavelmente seria bom ter uma estimativa do que vale primeiro. Afinal, negociar em um ve\u00edculo \u00e9 muito menos inc\u00f3modo do que vend\u00ea-lo sozinho. E&#8230;<\/p>\n","protected":false},"author":3,"featured_media":0,"parent":0,"menu_order":0,"comment_status":"closed","ping_status":"closed","template":"","meta":{"footnotes":""},"class_list":["post-1336","page","type-page","status-publish","hentry"],"_links":{"self":[{"href":"https:\/\/www.comatral.com\/index.php?rest_route=\/wp\/v2\/pages\/1336"}],"collection":[{"href":"https:\/\/www.comatral.com\/index.php?rest_route=\/wp\/v2\/pages"}],"about":[{"href":"https:\/\/www.comatral.com\/index.php?rest_route=\/wp\/v2\/types\/page"}],"author":[{"embeddable":true,"href":"https:\/\/www.comatral.com\/index.php?rest_route=\/wp\/v2\/users\/3"}],"replies":[{"embeddable":true,"href":"https:\/\/www.comatral.com\/index.php?rest_route=%2Fwp%2Fv2%2Fcomments&post=1336"}],"version-history":[{"count":0,"href":"https:\/\/www.comatral.com\/index.php?rest_route=\/wp\/v2\/pages\/1336\/revisions"}],"wp:attachment":[{"href":"https:\/\/www.comatral.com\/index.php?rest_route=%2Fwp%2Fv2%2Fmedia&parent=1336"}],"curies":[{"name":"wp","href":"https:\/\/api.w.org\/{rel}","templated":true}]}}