{"id":5,"date":"2015-09-18T09:48:28","date_gmt":"2015-09-18T12:48:28","guid":{"rendered":"http:\/\/motors.stylemixthemes.com\/demo\/?page_id=5"},"modified":"2022-07-15T15:11:39","modified_gmt":"2022-07-15T18:11:39","slug":"home","status":"publish","type":"page","link":"https:\/\/www.comatral.com\/","title":{"rendered":"Home"},"content":{"rendered":"<div class=\"wpb-content-wrapper\"><p>[vc_row full_width=&#8221;stretch_row_content_no_spaces&#8221; equal_height=&#8221;yes&#8221; css=&#8221;.vc_custom_1535604774411{margin-bottom: 0px !important;}&#8221;][vc_column][rev_slider_vc alias=&#8221;home_slider&#8221;][\/vc_column][\/vc_row][vc_row css=&#8221;.vc_custom_1535604750265{margin-bottom: 57px !important;}&#8221;][vc_column][stm_car_listing_tabbed search_icon=&#8221;stm-icon-car_search&#8221; filter_columns_number=&#8221;4&#8243; filter_selected=&#8221;body,make,mileage,ca-year&#8221; call_to_action_icon=&#8221;stm-icon-question&#8221; call_to_action_icon_right=&#8221;stm-icon-phone2&#8243; call_to_action_color=&#8221;#1e73be&#8221; call_to_action_text_color=&#8221;#ffffff&#8221; enable_search=&#8221;true&#8221; enable_call_to_action=&#8221;true&#8221; per_page=&#8221;8&#8243; search_label=&#8221;Pesquise conforme sua necessidade&#8221; call_to_action_label=&#8221;Tens alguma d\u00favida? Contate-nos&#8221; call_to_action_label_right=&#8221;55 3375 3356&#8243;]<\/p>\n<h2><span style=\"color: #ffffff;\">BEM VINDO AO <\/span> <span class=\"stm-base-color\">NOSSO SITE!<\/span><\/h2>\n<p>[\/stm_car_listing_tabbed][\/vc_column][\/vc_row][vc_row parallax=&#8221;content-moving&#8221; parallax_image=&#8221;1427&#8243; stm_fullwidth=&#8221;yes&#8221; blackout_opacity=&#8221;20&#8243; css=&#8221;.vc_custom_1535605253716{margin-bottom: 0px !important;padding-top: 137px !important;padding-bottom: 113px !important;}&#8221; el_class=&#8221;stm-icon-box-adaptive-style-one&#8221;][vc_column offset=&#8221;vc_col-lg-6&#8243; css=&#8221;.vc_custom_1448967644598{margin-bottom: 30px !important;}&#8221;][stm_icon_box icon=&#8221;stm-icon-car_search&#8221; icon_size=&#8221;54&#8243; box_bg_color=&#8221;#0066bf&#8221; box_text_color=&#8221;#ffffff&#8221; link=&#8221;url:%23buy|title:Buy%20car|&#8221; title=&#8221;Voc\u00ea est\u00e1 procurando um ve\u00edculo?&#8221; line_height=&#8221;17&#8243; icon_color=&#8221;#232628&#8243;]<span style=\"color: #ffffff;\">Nossos carros s\u00e3o entregues totalmente registrados com todos os requisitos preenchidos. N\u00f3s vamos entregar o seu carro onde quer que voc\u00ea esteja.<\/span>[\/stm_icon_box][\/vc_column][vc_column offset=&#8221;vc_col-lg-6&#8243; css=&#8221;.vc_custom_1448967649806{margin-bottom: 30px !important;}&#8221;][stm_icon_box icon=&#8221;stm-icon-car_sale&#8221; title=&#8221;Voc\u00ea quer vender um ve\u00edculo?&#8221; box_bg_color=&#8221;#809fbf&#8221; line_height=&#8221;17&#8243; icon_color=&#8221;#232628&#8243;]<span style=\"color: #ffffff;\">Qual \u00e9 o seu carro vale a pena? Receba o melhor valor absoluto para o seu ve\u00edculo de troca. N\u00f3s at\u00e9 lidamos com toda a papelada. Agende sua consulta hoje!<\/span>[\/stm_icon_box][\/vc_column][\/vc_row][vc_row full_width=&#8221;stretch_row&#8221; css=&#8221;.vc_custom_1452940382308{margin-bottom: 0px !important;padding-top: 51px !important;padding-bottom: 40px !important;background-image: url(http:\/\/www.comatral.com\/wp-content\/uploads\/2015\/09\/special_bg.png?id=1349) !important;background-position: 0 0 !important;background-repeat: repeat !important;}&#8221;][vc_column][stm_car_listing_tabbed tab_affix=&#8221;&#8221; call_to_action_text_color=&#8221;#ffffff&#8221; taxonomy=&#8221;usado | condition,&#8221;][\/stm_car_listing_tabbed][\/vc_column][\/vc_row][vc_row full_width=&#8221;stretch_row&#8221; css=&#8221;.vc_custom_1448968797570{margin-bottom: 0px !important;padding-top: 51px !important;padding-bottom: 62px !important;background-color: #f0f2f5 !important;}&#8221; el_class=&#8221;stm-adaptive-tablet-margins&#8221;][vc_column][vc_row_inner css=&#8221;.vc_custom_1448532576588{margin-bottom: 0px !important;}&#8221;][vc_column_inner][vc_custom_heading text=&#8221;PORQUE ESCOLHER A COMATRAL&#8221; font_container=&#8221;tag:h2|text_align:center&#8221; use_theme_fonts=&#8221;yes&#8221; css=&#8221;.vc_custom_1535604296930{margin-bottom: 23px !important;}&#8221;][\/vc_column_inner][\/vc_row_inner][vc_row_inner css=&#8221;.vc_custom_1448532584673{margin-bottom: 54px !important;}&#8221;][vc_column_inner][stm_color_separator color=&#8221;#1e73be&#8221;][\/vc_column_inner][\/vc_row_inner][vc_row_inner css=&#8221;.vc_custom_1448861118351{margin-bottom: 9px !important;}&#8221; el_class=&#8221;stm-icon-box-adaptive-style-three&#8221;][vc_column_inner width=&#8221;1\/4&#8243;][stm_icon_box title_holder=&#8221;h6&#8243; icon=&#8221;stm-icon-label&#8221; title=&#8221;Garantia&#8221; box_bg_color=&#8221;rgba(255,255,255,0.01)&#8221; css=&#8221;.vc_custom_1535604426574{margin-bottom: 46px !important;padding-top: 0px !important;padding-right: 0px !important;padding-bottom: 0px !important;padding-left: 29px !important;}&#8221; icon_size=&#8221;52&#8243; css_icon=&#8221;.vc_custom_1535604426572{margin-top: 4px !important;margin-right: 23px !important;}&#8221; line_height=&#8221;16&#8243;][\/stm_icon_box][\/vc_column_inner][vc_column_inner width=&#8221;1\/4&#8243;][stm_icon_box title_holder=&#8221;h6&#8243; icon=&#8221;stm-icon-speedometr&#8221; title=&#8221;Qualidade&#8221; box_bg_color=&#8221;rgba(255,255,255,0.01)&#8221; css=&#8221;.vc_custom_1535604361543{margin-bottom: 46px !important;padding-top: 0px !important;padding-right: 0px !important;padding-bottom: 0px !important;padding-left: 18px !important;}&#8221; css_icon=&#8221;.vc_custom_1535604361540{margin-top: 2px !important;margin-right: 22px !important;}&#8221; line_height=&#8221;16&#8243;][\/stm_icon_box][\/vc_column_inner][vc_column_inner width=&#8221;1\/4&#8243;][stm_icon_box title_holder=&#8221;h6&#8243; icon=&#8221;stm-icon-chat&#8221; title=&#8221;Comodidade&#8221; box_bg_color=&#8221;rgba(255,255,255,0.01)&#8221; css=&#8221;.vc_custom_1535604416043{margin-bottom: 46px !important;padding-top: 0px !important;padding-right: 0px !important;padding-bottom: 0px !important;padding-left: 9px !important;}&#8221; icon_size=&#8221;44&#8243; css_icon=&#8221;.vc_custom_1535604416039{margin-top: 3px !important;margin-right: 17px !important;}&#8221; line_height=&#8221;16&#8243;][\/stm_icon_box][\/vc_column_inner][vc_column_inner width=&#8221;1\/4&#8243;][stm_icon_box title_holder=&#8221;h6&#8243; icon=&#8221;stm-icon-application&#8221; title=&#8221;Proced\u00eancia&#8221; box_bg_color=&#8221;rgba(255,255,255,0.01)&#8221; css=&#8221;.vc_custom_1535604400836{margin-bottom: 46px !important;padding-top: 0px !important;padding-right: 0px !important;padding-bottom: 0px !important;padding-left: 6px !important;}&#8221; icon_size=&#8221;52&#8243; css_icon=&#8221;.vc_custom_1535604400833{margin-top: -1px !important;margin-right: 29px !important;}&#8221; line_height=&#8221;16&#8243;][\/stm_icon_box][\/vc_column_inner][\/vc_row_inner][\/vc_column][\/vc_row]<\/p>\n<\/div>","protected":false},"excerpt":{"rendered":"<p>[vc_row full_width=&#8221;stretch_row_content_no_spaces&#8221; equal_height=&#8221;yes&#8221; css=&#8221;.vc_custom_1535604774411{margin-bottom: 0px !important;}&#8221;][vc_column][rev_slider_vc alias=&#8221;home_slider&#8221;][\/vc_column][\/vc_row][vc_row css=&#8221;.vc_custom_1535604750265{margin-bottom: 57px !important;}&#8221;][vc_column][stm_car_listing_tabbed search_icon=&#8221;stm-icon-car_search&#8221; filter_columns_number=&#8221;4&#8243; filter_selected=&#8221;body,make,mileage,ca-year&#8221; call_to_action_icon=&#8221;stm-icon-question&#8221; call_to_action_icon_right=&#8221;stm-icon-phone2&#8243; call_to_action_color=&#8221;#1e73be&#8221; call_to_action_text_color=&#8221;#ffffff&#8221; enable_search=&#8221;true&#8221; enable_call_to_action=&#8221;true&#8221; per_page=&#8221;8&#8243; search_label=&#8221;Pesquise conforme sua necessidade&#8221; call_to_action_label=&#8221;Tens alguma d\u00favida? Contate-nos&#8221; call_to_action_label_right=&#8221;55 3375 3356&#8243;] BEM VINDO AO NOSSO SITE! [\/stm_car_listing_tabbed][\/vc_column][\/vc_row][vc_row parallax=&#8221;content-moving&#8221; parallax_image=&#8221;1427&#8243; stm_fullwidth=&#8221;yes&#8221; blackout_opacity=&#8221;20&#8243; css=&#8221;.vc_custom_1535605253716{margin-bottom: 0px !important;padding-top: 137px !important;padding-bottom: 113px !important;}&#8221; el_class=&#8221;stm-icon-box-adaptive-style-one&#8221;][vc_column offset=&#8221;vc_col-lg-6&#8243; css=&#8221;.vc_custom_1448967644598{margin-bottom: 30px !important;}&#8221;][stm_icon_box icon=&#8221;stm-icon-car_search&#8221; icon_size=&#8221;54&#8243;&#8230;<\/p>\n","protected":false},"author":3,"featured_media":0,"parent":0,"menu_order":0,"comment_status":"closed","ping_status":"closed","template":"","meta":{"footnotes":""},"class_list":["post-5","page","type-page","status-publish","hentry"],"_links":{"self":[{"href":"https:\/\/www.comatral.com\/index.php?rest_route=\/wp\/v2\/pages\/5"}],"collection":[{"href":"https:\/\/www.comatral.com\/index.php?rest_route=\/wp\/v2\/pages"}],"about":[{"href":"https:\/\/www.comatral.com\/index.php?rest_route=\/wp\/v2\/types\/page"}],"author":[{"embeddable":true,"href":"https:\/\/www.comatral.com\/index.php?rest_route=\/wp\/v2\/users\/3"}],"replies":[{"embeddable":true,"href":"https:\/\/www.comatral.com\/index.php?rest_route=%2Fwp%2Fv2%2Fcomments&post=5"}],"version-history":[{"count":0,"href":"https:\/\/www.comatral.com\/index.php?rest_route=\/wp\/v2\/pages\/5\/revisions"}],"wp:attachment":[{"href":"https:\/\/www.comatral.com\/index.php?rest_route=%2Fwp%2Fv2%2Fmedia&parent=5"}],"curies":[{"name":"wp","href":"https:\/\/api.w.org\/{rel}","templated":true}]}}